{"id":545,"date":"2021-06-08T00:08:10","date_gmt":"2021-06-07T21:08:10","guid":{"rendered":"http:\/\/adrianrepun.com.ar\/?page_id=545"},"modified":"2021-06-08T00:18:00","modified_gmt":"2021-06-07T21:18:00","slug":"lapiz","status":"publish","type":"page","link":"https:\/\/adrianrepun.com.ar\/index.php\/pintura\/lapiz\/","title":{"rendered":"L\u00e1piz"},"content":{"rendered":"\t\t<div data-elementor-type=\"wp-page\" data-elementor-id=\"545\" class=\"elementor elementor-545\">\n\t\t\t\t\t\t\t\t\t<section class=\"elementor-section elementor-top-section elementor-element elementor-element-519f4788 elementor-section-full_width elementor-section-height-default elementor-section-height-default\" data-id=\"519f4788\" data-element_type=\"section\">\n\t\t\t\t\t\t<div class=\"elementor-container elementor-column-gap-no\">\n\t\t\t\t\t<div class=\"elementor-column elementor-col-100 elementor-top-column elementor-element elementor-element-68ae6213\" data-id=\"68ae6213\" data-element_type=\"column\">\n\t\t\t<div class=\"elementor-widget-wrap elementor-element-populated\">\n\t\t\t\t\t\t\t\t<div class=\"elementor-element elementor-element-e889221 elementor-widget elementor-widget-heading\" data-id=\"e889221\" data-element_type=\"widget\" data-widget_type=\"heading.default\">\n\t\t\t\t<div class=\"elementor-widget-container\">\n\t\t\t<h2 class=\"elementor-heading-title elementor-size-default\">L\u00e1PIZ<\/h2>\t\t<\/div>\n\t\t\t\t<\/div>\n\t\t\t\t<div class=\"elementor-element elementor-element-2ec293b8 elementor-absolute elementor-widget elementor-widget-heading\" data-id=\"2ec293b8\" data-element_type=\"widget\" data-settings=\"{&quot;_position&quot;:&quot;absolute&quot;}\" data-widget_type=\"heading.default\">\n\t\t\t\t<div class=\"elementor-widget-container\">\n\t\t\t<span class=\"elementor-heading-title elementor-size-default\">L\u00e1PIZ<\/span>\t\t<\/div>\n\t\t\t\t<\/div>\n\t\t\t\t\t<\/div>\n\t\t<\/div>\n\t\t\t\t\t\t\t<\/div>\n\t\t<\/section>\n\t\t\t\t<section class=\"elementor-section elementor-top-section elementor-element elementor-element-6798edab elementor-section-full_width elementor-section-content-middle elementor-section-height-default elementor-section-height-default\" data-id=\"6798edab\" data-element_type=\"section\" data-settings=\"{&quot;background_background&quot;:&quot;classic&quot;}\">\n\t\t\t\t\t\t<div class=\"elementor-container elementor-column-gap-no\">\n\t\t\t\t\t<div class=\"elementor-column elementor-col-100 elementor-top-column elementor-element elementor-element-40a24142\" data-id=\"40a24142\" data-element_type=\"column\">\n\t\t\t<div class=\"elementor-widget-wrap elementor-element-populated\">\n\t\t\t\t\t\t\t\t<div class=\"elementor-element elementor-element-4c38f8b3 elementor-invisible elementor-widget elementor-widget-heading\" data-id=\"4c38f8b3\" data-element_type=\"widget\" data-settings=\"{&quot;_animation&quot;:&quot;fadeInDown&quot;}\" data-widget_type=\"heading.default\">\n\t\t\t\t<div class=\"elementor-widget-container\">\n\t\t\t<h6 class=\"elementor-heading-title elementor-size-default\">COLECCI\u00d3N<\/h6>\t\t<\/div>\n\t\t\t\t<\/div>\n\t\t\t\t<div class=\"elementor-element elementor-element-549d567f elementor-widget elementor-widget-heading\" data-id=\"549d567f\" data-element_type=\"widget\" data-widget_type=\"heading.default\">\n\t\t\t\t<div class=\"elementor-widget-container\">\n\t\t\t<h3 class=\"elementor-heading-title elementor-size-default\">TRENZA I<\/h3>\t\t<\/div>\n\t\t\t\t<\/div>\n\t\t\t\t\t<\/div>\n\t\t<\/div>\n\t\t\t\t\t\t\t<\/div>\n\t\t<\/section>\n\t\t\t\t<section class=\"elementor-section elementor-top-section elementor-element elementor-element-145008c elementor-section-full_width elementor-section-height-default elementor-section-height-default\" data-id=\"145008c\" data-element_type=\"section\">\n\t\t\t\t\t\t<div class=\"elementor-container elementor-column-gap-default\">\n\t\t\t\t\t<div class=\"elementor-column elementor-col-100 elementor-top-column elementor-element elementor-element-6623345\" data-id=\"6623345\" data-element_type=\"column\">\n\t\t\t<div class=\"elementor-widget-wrap elementor-element-populated\">\n\t\t\t\t\t\t\t\t<div class=\"elementor-element elementor-element-0f0b13b elementor-arrows-position-outside elementor-pagination-position-outside elementor-widget elementor-widget-image-carousel\" data-id=\"0f0b13b\" data-element_type=\"widget\" data-settings=\"{&quot;slides_to_show&quot;:&quot;5&quot;,&quot;slides_to_scroll&quot;:&quot;5&quot;,&quot;image_spacing_custom&quot;:{&quot;unit&quot;:&quot;px&quot;,&quot;size&quot;:30,&quot;sizes&quot;:[]},&quot;navigation&quot;:&quot;both&quot;,&quot;autoplay&quot;:&quot;yes&quot;,&quot;pause_on_hover&quot;:&quot;yes&quot;,&quot;pause_on_interaction&quot;:&quot;yes&quot;,&quot;autoplay_speed&quot;:5000,&quot;infinite&quot;:&quot;yes&quot;,&quot;speed&quot;:500}\" data-widget_type=\"image-carousel.default\">\n\t\t\t\t<div class=\"elementor-widget-container\">\n\t\t\t\t\t<div class=\"elementor-image-carousel-wrapper swiper-container\" dir=\"ltr\">\n\t\t\t<div class=\"elementor-image-carousel swiper-wrapper swiper-image-stretch\">\n\t\t\t\t\t\t\t\t<div class=\"swiper-slide\"><figure class=\"swiper-slide-inner\"><img class=\"swiper-slide-image\" src=\"https:\/\/adrianrepun.com.ar\/wp-content\/uploads\/2021\/06\/COLECCION-TRENZA-I-ADRIAN-REPUN-1.jpg\" alt=\"COLECCION TRENZA I - ADRIAN REPUN (1)\" \/><\/figure><\/div><div class=\"swiper-slide\"><figure class=\"swiper-slide-inner\"><img class=\"swiper-slide-image\" src=\"https:\/\/adrianrepun.com.ar\/wp-content\/uploads\/2021\/06\/COLECCION-TRENZA-I-ADRIAN-REPUN-17.jpg\" alt=\"COLECCION TRENZA I - ADRIAN REPUN (17)\" \/><\/figure><\/div><div class=\"swiper-slide\"><figure class=\"swiper-slide-inner\"><img class=\"swiper-slide-image\" src=\"https:\/\/adrianrepun.com.ar\/wp-content\/uploads\/2021\/06\/COLECCION-TRENZA-I-ADRIAN-REPUN-18.jpg\" alt=\"COLECCION TRENZA I - ADRIAN REPUN (18)\" \/><\/figure><\/div><div class=\"swiper-slide\"><figure class=\"swiper-slide-inner\"><img class=\"swiper-slide-image\" src=\"https:\/\/adrianrepun.com.ar\/wp-content\/uploads\/2021\/06\/COLECCION-TRENZA-I-ADRIAN-REPUN-16.jpg\" alt=\"COLECCION TRENZA I - ADRIAN REPUN (16)\" \/><\/figure><\/div><div class=\"swiper-slide\"><figure class=\"swiper-slide-inner\"><img class=\"swiper-slide-image\" src=\"https:\/\/adrianrepun.com.ar\/wp-content\/uploads\/2021\/06\/COLECCION-TRENZA-I-ADRIAN-REPUN-15.jpg\" alt=\"COLECCION TRENZA I - ADRIAN REPUN (15)\" \/><\/figure><\/div><div class=\"swiper-slide\"><figure class=\"swiper-slide-inner\"><img class=\"swiper-slide-image\" src=\"https:\/\/adrianrepun.com.ar\/wp-content\/uploads\/2021\/06\/COLECCION-TRENZA-I-ADRIAN-REPUN-14.jpg\" alt=\"COLECCION TRENZA I - ADRIAN REPUN (14)\" \/><\/figure><\/div><div class=\"swiper-slide\"><figure class=\"swiper-slide-inner\"><img class=\"swiper-slide-image\" src=\"https:\/\/adrianrepun.com.ar\/wp-content\/uploads\/2021\/06\/COLECCION-TRENZA-I-ADRIAN-REPUN-13.jpg\" alt=\"COLECCION TRENZA I - ADRIAN REPUN (13)\" \/><\/figure><\/div><div class=\"swiper-slide\"><figure class=\"swiper-slide-inner\"><img class=\"swiper-slide-image\" src=\"https:\/\/adrianrepun.com.ar\/wp-content\/uploads\/2021\/06\/COLECCION-TRENZA-I-ADRIAN-REPUN-12.jpg\" alt=\"COLECCION TRENZA I - ADRIAN REPUN (12)\" \/><\/figure><\/div><div class=\"swiper-slide\"><figure class=\"swiper-slide-inner\"><img class=\"swiper-slide-image\" src=\"https:\/\/adrianrepun.com.ar\/wp-content\/uploads\/2021\/06\/COLECCION-TRENZA-I-ADRIAN-REPUN-11.jpg\" alt=\"COLECCION TRENZA I - ADRIAN REPUN (11)\" \/><\/figure><\/div><div class=\"swiper-slide\"><figure class=\"swiper-slide-inner\"><img class=\"swiper-slide-image\" src=\"https:\/\/adrianrepun.com.ar\/wp-content\/uploads\/2021\/06\/COLECCION-TRENZA-I-ADRIAN-REPUN-10.jpg\" alt=\"COLECCION TRENZA I - ADRIAN REPUN (10)\" \/><\/figure><\/div><div class=\"swiper-slide\"><figure class=\"swiper-slide-inner\"><img class=\"swiper-slide-image\" src=\"https:\/\/adrianrepun.com.ar\/wp-content\/uploads\/2021\/06\/COLECCION-TRENZA-I-ADRIAN-REPUN-9.jpg\" alt=\"COLECCION TRENZA I - ADRIAN REPUN (9)\" \/><\/figure><\/div><div class=\"swiper-slide\"><figure class=\"swiper-slide-inner\"><img class=\"swiper-slide-image\" src=\"https:\/\/adrianrepun.com.ar\/wp-content\/uploads\/2021\/06\/COLECCION-TRENZA-I-ADRIAN-REPUN-8.jpg\" alt=\"COLECCION TRENZA I - ADRIAN REPUN (8)\" \/><\/figure><\/div><div class=\"swiper-slide\"><figure class=\"swiper-slide-inner\"><img class=\"swiper-slide-image\" src=\"https:\/\/adrianrepun.com.ar\/wp-content\/uploads\/2021\/06\/COLECCION-TRENZA-I-ADRIAN-REPUN-7.jpg\" alt=\"COLECCION TRENZA I - ADRIAN REPUN (7)\" \/><\/figure><\/div><div class=\"swiper-slide\"><figure class=\"swiper-slide-inner\"><img class=\"swiper-slide-image\" src=\"https:\/\/adrianrepun.com.ar\/wp-content\/uploads\/2021\/06\/COLECCION-TRENZA-I-ADRIAN-REPUN-6.jpg\" alt=\"COLECCION TRENZA I - ADRIAN REPUN (6)\" \/><\/figure><\/div><div class=\"swiper-slide\"><figure class=\"swiper-slide-inner\"><img class=\"swiper-slide-image\" src=\"https:\/\/adrianrepun.com.ar\/wp-content\/uploads\/2021\/06\/COLECCION-TRENZA-I-ADRIAN-REPUN-5.jpg\" alt=\"COLECCION TRENZA I - ADRIAN REPUN (5)\" \/><\/figure><\/div><div class=\"swiper-slide\"><figure class=\"swiper-slide-inner\"><img class=\"swiper-slide-image\" src=\"https:\/\/adrianrepun.com.ar\/wp-content\/uploads\/2021\/06\/COLECCION-TRENZA-I-ADRIAN-REPUN-2.jpg\" alt=\"COLECCION TRENZA I - ADRIAN REPUN (2)\" \/><\/figure><\/div>\t\t\t<\/div>\n\t\t\t\t\t\t\t\t\t\t\t\t<div class=\"swiper-pagination\"><\/div>\n\t\t\t\t\t\t\t\t\t\t\t\t\t<div class=\"elementor-swiper-button elementor-swiper-button-prev\">\n\t\t\t\t\t\t<i aria-hidden=\"true\" class=\"eicon-chevron-left\"><\/i>\t\t\t\t\t\t<span class=\"elementor-screen-only\">Anterior<\/span>\n\t\t\t\t\t<\/div>\n\t\t\t\t\t<div class=\"elementor-swiper-button elementor-swiper-button-next\">\n\t\t\t\t\t\t<i aria-hidden=\"true\" class=\"eicon-chevron-right\"><\/i>\t\t\t\t\t\t<span class=\"elementor-screen-only\">Siguiente<\/span>\n\t\t\t\t\t<\/div>\n\t\t\t\t\t\t\t\t\t<\/div>\n\t\t\t\t<\/div>\n\t\t\t\t<\/div>\n\t\t\t\t\t<\/div>\n\t\t<\/div>\n\t\t\t\t\t\t\t<\/div>\n\t\t<\/section>\n\t\t\t\t<section class=\"elementor-section elementor-top-section elementor-element elementor-element-a015cb3 elementor-section-full_width elementor-section-content-middle elementor-section-height-default elementor-section-height-default\" data-id=\"a015cb3\" data-element_type=\"section\" data-settings=\"{&quot;background_background&quot;:&quot;classic&quot;}\">\n\t\t\t\t\t\t<div class=\"elementor-container elementor-column-gap-no\">\n\t\t\t\t\t<div class=\"elementor-column elementor-col-100 elementor-top-column elementor-element elementor-element-1a62b47\" data-id=\"1a62b47\" data-element_type=\"column\">\n\t\t\t<div class=\"elementor-widget-wrap elementor-element-populated\">\n\t\t\t\t\t\t\t\t<div class=\"elementor-element elementor-element-f606569 elementor-invisible elementor-widget elementor-widget-heading\" data-id=\"f606569\" data-element_type=\"widget\" data-settings=\"{&quot;_animation&quot;:&quot;fadeInDown&quot;}\" data-widget_type=\"heading.default\">\n\t\t\t\t<div class=\"elementor-widget-container\">\n\t\t\t<h6 class=\"elementor-heading-title elementor-size-default\">COLECCI\u00d3N<\/h6>\t\t<\/div>\n\t\t\t\t<\/div>\n\t\t\t\t<div class=\"elementor-element elementor-element-bcbad2a elementor-widget elementor-widget-heading\" data-id=\"bcbad2a\" data-element_type=\"widget\" data-widget_type=\"heading.default\">\n\t\t\t\t<div class=\"elementor-widget-container\">\n\t\t\t<h3 class=\"elementor-heading-title elementor-size-default\">TRENZA Ii<\/h3>\t\t<\/div>\n\t\t\t\t<\/div>\n\t\t\t\t\t<\/div>\n\t\t<\/div>\n\t\t\t\t\t\t\t<\/div>\n\t\t<\/section>\n\t\t\t\t<section class=\"elementor-section elementor-top-section elementor-element elementor-element-66ee1d0 elementor-section-full_width elementor-section-height-default elementor-section-height-default\" data-id=\"66ee1d0\" data-element_type=\"section\">\n\t\t\t\t\t\t<div class=\"elementor-container elementor-column-gap-default\">\n\t\t\t\t\t<div class=\"elementor-column elementor-col-100 elementor-top-column elementor-element elementor-element-234aae2\" data-id=\"234aae2\" data-element_type=\"column\">\n\t\t\t<div class=\"elementor-widget-wrap elementor-element-populated\">\n\t\t\t\t\t\t\t\t<div class=\"elementor-element elementor-element-8139a61 elementor-arrows-position-outside elementor-pagination-position-outside elementor-widget elementor-widget-image-carousel\" data-id=\"8139a61\" data-element_type=\"widget\" data-settings=\"{&quot;slides_to_show&quot;:&quot;5&quot;,&quot;slides_to_scroll&quot;:&quot;5&quot;,&quot;image_spacing_custom&quot;:{&quot;unit&quot;:&quot;px&quot;,&quot;size&quot;:30,&quot;sizes&quot;:[]},&quot;navigation&quot;:&quot;both&quot;,&quot;autoplay&quot;:&quot;yes&quot;,&quot;pause_on_hover&quot;:&quot;yes&quot;,&quot;pause_on_interaction&quot;:&quot;yes&quot;,&quot;autoplay_speed&quot;:5000,&quot;infinite&quot;:&quot;yes&quot;,&quot;speed&quot;:500}\" data-widget_type=\"image-carousel.default\">\n\t\t\t\t<div class=\"elementor-widget-container\">\n\t\t\t\t\t<div class=\"elementor-image-carousel-wrapper swiper-container\" dir=\"ltr\">\n\t\t\t<div class=\"elementor-image-carousel swiper-wrapper swiper-image-stretch\">\n\t\t\t\t\t\t\t\t<div class=\"swiper-slide\"><figure class=\"swiper-slide-inner\"><img class=\"swiper-slide-image\" src=\"https:\/\/adrianrepun.com.ar\/wp-content\/uploads\/2021\/06\/COLECCION-TRENZA-II-ADRIAN-REPUN-1.jpg\" alt=\"COLECCION TRENZA II - ADRIAN REPUN (1)\" \/><\/figure><\/div><div class=\"swiper-slide\"><figure class=\"swiper-slide-inner\"><img class=\"swiper-slide-image\" src=\"https:\/\/adrianrepun.com.ar\/wp-content\/uploads\/2021\/06\/COLECCION-TRENZA-II-ADRIAN-REPUN-17.jpg\" alt=\"COLECCION TRENZA II - ADRIAN REPUN (17)\" \/><\/figure><\/div><div class=\"swiper-slide\"><figure class=\"swiper-slide-inner\"><img class=\"swiper-slide-image\" src=\"https:\/\/adrianrepun.com.ar\/wp-content\/uploads\/2021\/06\/COLECCION-TRENZA-II-ADRIAN-REPUN-16.jpg\" alt=\"COLECCION TRENZA II - ADRIAN REPUN (16)\" \/><\/figure><\/div><div class=\"swiper-slide\"><figure class=\"swiper-slide-inner\"><img class=\"swiper-slide-image\" src=\"https:\/\/adrianrepun.com.ar\/wp-content\/uploads\/2021\/06\/COLECCION-TRENZA-II-ADRIAN-REPUN-15.jpg\" alt=\"COLECCION TRENZA II - ADRIAN REPUN (15)\" \/><\/figure><\/div><div class=\"swiper-slide\"><figure class=\"swiper-slide-inner\"><img class=\"swiper-slide-image\" src=\"https:\/\/adrianrepun.com.ar\/wp-content\/uploads\/2021\/06\/COLECCION-TRENZA-II-ADRIAN-REPUN-14.jpg\" alt=\"COLECCION TRENZA II - ADRIAN REPUN (14)\" \/><\/figure><\/div><div class=\"swiper-slide\"><figure class=\"swiper-slide-inner\"><img class=\"swiper-slide-image\" src=\"https:\/\/adrianrepun.com.ar\/wp-content\/uploads\/2021\/06\/COLECCION-TRENZA-II-ADRIAN-REPUN-13.jpg\" alt=\"COLECCION TRENZA II - ADRIAN REPUN (13)\" \/><\/figure><\/div><div class=\"swiper-slide\"><figure class=\"swiper-slide-inner\"><img class=\"swiper-slide-image\" src=\"https:\/\/adrianrepun.com.ar\/wp-content\/uploads\/2021\/06\/COLECCION-TRENZA-II-ADRIAN-REPUN-12.jpg\" alt=\"COLECCION TRENZA II - ADRIAN REPUN (12)\" \/><\/figure><\/div><div class=\"swiper-slide\"><figure class=\"swiper-slide-inner\"><img class=\"swiper-slide-image\" src=\"https:\/\/adrianrepun.com.ar\/wp-content\/uploads\/2021\/06\/COLECCION-TRENZA-II-ADRIAN-REPUN-11.jpg\" alt=\"COLECCION TRENZA II - ADRIAN REPUN (11)\" \/><\/figure><\/div><div class=\"swiper-slide\"><figure class=\"swiper-slide-inner\"><img class=\"swiper-slide-image\" src=\"https:\/\/adrianrepun.com.ar\/wp-content\/uploads\/2021\/06\/COLECCION-TRENZA-II-ADRIAN-REPUN-10.jpg\" alt=\"COLECCION TRENZA II - ADRIAN REPUN (10)\" \/><\/figure><\/div><div class=\"swiper-slide\"><figure class=\"swiper-slide-inner\"><img class=\"swiper-slide-image\" src=\"https:\/\/adrianrepun.com.ar\/wp-content\/uploads\/2021\/06\/COLECCION-TRENZA-II-ADRIAN-REPUN-9.jpg\" alt=\"COLECCION TRENZA II - ADRIAN REPUN (9)\" \/><\/figure><\/div><div class=\"swiper-slide\"><figure class=\"swiper-slide-inner\"><img class=\"swiper-slide-image\" src=\"https:\/\/adrianrepun.com.ar\/wp-content\/uploads\/2021\/06\/COLECCION-TRENZA-II-ADRIAN-REPUN-8.jpg\" alt=\"COLECCION TRENZA II - ADRIAN REPUN (8)\" \/><\/figure><\/div><div class=\"swiper-slide\"><figure class=\"swiper-slide-inner\"><img class=\"swiper-slide-image\" src=\"https:\/\/adrianrepun.com.ar\/wp-content\/uploads\/2021\/06\/COLECCION-TRENZA-II-ADRIAN-REPUN-7.jpg\" alt=\"COLECCION TRENZA II - ADRIAN REPUN (7)\" \/><\/figure><\/div><div class=\"swiper-slide\"><figure class=\"swiper-slide-inner\"><img class=\"swiper-slide-image\" src=\"https:\/\/adrianrepun.com.ar\/wp-content\/uploads\/2021\/06\/COLECCION-TRENZA-II-ADRIAN-REPUN-6.jpg\" alt=\"COLECCION TRENZA II - ADRIAN REPUN (6)\" \/><\/figure><\/div><div class=\"swiper-slide\"><figure class=\"swiper-slide-inner\"><img class=\"swiper-slide-image\" src=\"https:\/\/adrianrepun.com.ar\/wp-content\/uploads\/2021\/06\/COLECCION-TRENZA-II-ADRIAN-REPUN-4.jpg\" alt=\"COLECCION TRENZA II - ADRIAN REPUN (4)\" \/><\/figure><\/div><div class=\"swiper-slide\"><figure class=\"swiper-slide-inner\"><img class=\"swiper-slide-image\" src=\"https:\/\/adrianrepun.com.ar\/wp-content\/uploads\/2021\/06\/COLECCION-TRENZA-II-ADRIAN-REPUN-3.jpg\" alt=\"COLECCION TRENZA II - ADRIAN REPUN (3)\" \/><\/figure><\/div><div class=\"swiper-slide\"><figure class=\"swiper-slide-inner\"><img class=\"swiper-slide-image\" src=\"https:\/\/adrianrepun.com.ar\/wp-content\/uploads\/2021\/06\/COLECCION-TRENZA-II-ADRIAN-REPUN-2.jpg\" alt=\"COLECCION TRENZA II - ADRIAN REPUN (2)\" \/><\/figure><\/div>\t\t\t<\/div>\n\t\t\t\t\t\t\t\t\t\t\t\t<div class=\"swiper-pagination\"><\/div>\n\t\t\t\t\t\t\t\t\t\t\t\t\t<div class=\"elementor-swiper-button elementor-swiper-button-prev\">\n\t\t\t\t\t\t<i aria-hidden=\"true\" class=\"eicon-chevron-left\"><\/i>\t\t\t\t\t\t<span class=\"elementor-screen-only\">Anterior<\/span>\n\t\t\t\t\t<\/div>\n\t\t\t\t\t<div class=\"elementor-swiper-button elementor-swiper-button-next\">\n\t\t\t\t\t\t<i aria-hidden=\"true\" class=\"eicon-chevron-right\"><\/i>\t\t\t\t\t\t<span class=\"elementor-screen-only\">Siguiente<\/span>\n\t\t\t\t\t<\/div>\n\t\t\t\t\t\t\t\t\t<\/div>\n\t\t\t\t<\/div>\n\t\t\t\t<\/div>\n\t\t\t\t\t<\/div>\n\t\t<\/div>\n\t\t\t\t\t\t\t<\/div>\n\t\t<\/section>\n\t\t\t\t<section class=\"elementor-section elementor-top-section elementor-element elementor-element-68c37aa elementor-section-full_width elementor-section-content-middle elementor-section-height-default elementor-section-height-default\" data-id=\"68c37aa\" data-element_type=\"section\" data-settings=\"{&quot;background_background&quot;:&quot;classic&quot;}\">\n\t\t\t\t\t\t<div class=\"elementor-container elementor-column-gap-no\">\n\t\t\t\t\t<div class=\"elementor-column elementor-col-100 elementor-top-column elementor-element elementor-element-2fefda3\" data-id=\"2fefda3\" data-element_type=\"column\">\n\t\t\t<div class=\"elementor-widget-wrap elementor-element-populated\">\n\t\t\t\t\t\t\t\t<div class=\"elementor-element elementor-element-6fe03c5 elementor-invisible elementor-widget elementor-widget-heading\" data-id=\"6fe03c5\" data-element_type=\"widget\" data-settings=\"{&quot;_animation&quot;:&quot;fadeInDown&quot;}\" data-widget_type=\"heading.default\">\n\t\t\t\t<div class=\"elementor-widget-container\">\n\t\t\t<h6 class=\"elementor-heading-title elementor-size-default\">COLECCI\u00d3N<\/h6>\t\t<\/div>\n\t\t\t\t<\/div>\n\t\t\t\t<div class=\"elementor-element elementor-element-1899dcb elementor-widget elementor-widget-heading\" data-id=\"1899dcb\" data-element_type=\"widget\" data-widget_type=\"heading.default\">\n\t\t\t\t<div class=\"elementor-widget-container\">\n\t\t\t<h3 class=\"elementor-heading-title elementor-size-default\">TRENZA Iii<\/h3>\t\t<\/div>\n\t\t\t\t<\/div>\n\t\t\t\t\t<\/div>\n\t\t<\/div>\n\t\t\t\t\t\t\t<\/div>\n\t\t<\/section>\n\t\t\t\t<section class=\"elementor-section elementor-top-section elementor-element elementor-element-0445526 elementor-section-full_width elementor-section-height-default elementor-section-height-default\" data-id=\"0445526\" data-element_type=\"section\">\n\t\t\t\t\t\t<div class=\"elementor-container elementor-column-gap-default\">\n\t\t\t\t\t<div class=\"elementor-column elementor-col-100 elementor-top-column elementor-element elementor-element-87d4ca4\" data-id=\"87d4ca4\" data-element_type=\"column\">\n\t\t\t<div class=\"elementor-widget-wrap elementor-element-populated\">\n\t\t\t\t\t\t\t\t<div class=\"elementor-element elementor-element-d167a2a elementor-arrows-position-outside elementor-pagination-position-outside elementor-widget elementor-widget-image-carousel\" data-id=\"d167a2a\" data-element_type=\"widget\" data-settings=\"{&quot;slides_to_show&quot;:&quot;5&quot;,&quot;slides_to_scroll&quot;:&quot;5&quot;,&quot;image_spacing_custom&quot;:{&quot;unit&quot;:&quot;px&quot;,&quot;size&quot;:30,&quot;sizes&quot;:[]},&quot;navigation&quot;:&quot;both&quot;,&quot;autoplay&quot;:&quot;yes&quot;,&quot;pause_on_hover&quot;:&quot;yes&quot;,&quot;pause_on_interaction&quot;:&quot;yes&quot;,&quot;autoplay_speed&quot;:5000,&quot;infinite&quot;:&quot;yes&quot;,&quot;speed&quot;:500}\" data-widget_type=\"image-carousel.default\">\n\t\t\t\t<div class=\"elementor-widget-container\">\n\t\t\t\t\t<div class=\"elementor-image-carousel-wrapper swiper-container\" dir=\"ltr\">\n\t\t\t<div class=\"elementor-image-carousel swiper-wrapper swiper-image-stretch\">\n\t\t\t\t\t\t\t\t<div class=\"swiper-slide\"><figure class=\"swiper-slide-inner\"><img class=\"swiper-slide-image\" src=\"https:\/\/adrianrepun.com.ar\/wp-content\/uploads\/2021\/06\/COLECCION-TRENZA-III-ADRIAN-REPUN-8.jpg\" alt=\"COLECCION TRENZA III - ADRIAN REPUN (8)\" \/><\/figure><\/div><div class=\"swiper-slide\"><figure class=\"swiper-slide-inner\"><img class=\"swiper-slide-image\" src=\"https:\/\/adrianrepun.com.ar\/wp-content\/uploads\/2021\/06\/COLECCION-TRENZA-III-ADRIAN-REPUN-6.jpg\" alt=\"COLECCION TRENZA III - ADRIAN REPUN (6)\" \/><\/figure><\/div><div class=\"swiper-slide\"><figure class=\"swiper-slide-inner\"><img class=\"swiper-slide-image\" src=\"https:\/\/adrianrepun.com.ar\/wp-content\/uploads\/2021\/06\/COLECCION-TRENZA-III-ADRIAN-REPUN-1.jpg\" alt=\"COLECCION TRENZA III - ADRIAN REPUN (1)\" \/><\/figure><\/div><div class=\"swiper-slide\"><figure class=\"swiper-slide-inner\"><img class=\"swiper-slide-image\" src=\"https:\/\/adrianrepun.com.ar\/wp-content\/uploads\/2021\/06\/COLECCION-TRENZA-III-ADRIAN-REPUN-7.jpg\" alt=\"COLECCION TRENZA III - ADRIAN REPUN (7)\" \/><\/figure><\/div><div class=\"swiper-slide\"><figure class=\"swiper-slide-inner\"><img class=\"swiper-slide-image\" src=\"https:\/\/adrianrepun.com.ar\/wp-content\/uploads\/2021\/06\/COLECCION-TRENZA-III-ADRIAN-REPUN-2.jpg\" alt=\"COLECCION TRENZA III - ADRIAN REPUN (2)\" \/><\/figure><\/div>\t\t\t<\/div>\n\t\t\t\t\t\t\t\t\t\t\t\t<div class=\"swiper-pagination\"><\/div>\n\t\t\t\t\t\t\t\t\t\t\t\t\t<div class=\"elementor-swiper-button elementor-swiper-button-prev\">\n\t\t\t\t\t\t<i aria-hidden=\"true\" class=\"eicon-chevron-left\"><\/i>\t\t\t\t\t\t<span class=\"elementor-screen-only\">Anterior<\/span>\n\t\t\t\t\t<\/div>\n\t\t\t\t\t<div class=\"elementor-swiper-button elementor-swiper-button-next\">\n\t\t\t\t\t\t<i aria-hidden=\"true\" class=\"eicon-chevron-right\"><\/i>\t\t\t\t\t\t<span class=\"elementor-screen-only\">Siguiente<\/span>\n\t\t\t\t\t<\/div>\n\t\t\t\t\t\t\t\t\t<\/div>\n\t\t\t\t<\/div>\n\t\t\t\t<\/div>\n\t\t\t\t\t<\/div>\n\t\t<\/div>\n\t\t\t\t\t\t\t<\/div>\n\t\t<\/section>\n\t\t\t\t\t\t\t<\/div>\n\t\t","protected":false},"excerpt":{"rendered":"<p>L\u00e1PIZ L\u00e1PIZ COLECCI\u00d3N TRENZA I Anterior Siguiente COLECCI\u00d3N TRENZA Ii Anterior Siguiente COLECCI\u00d3N TRENZA Iii Anterior Siguiente<\/p>\n","protected":false},"author":1,"featured_media":0,"parent":222,"menu_order":4,"comment_status":"closed","ping_status":"closed","template":"elementor_header_footer","meta":[],"_links":{"self":[{"href":"https:\/\/adrianrepun.com.ar\/index.php\/wp-json\/wp\/v2\/pages\/545"}],"collection":[{"href":"https:\/\/adrianrepun.com.ar\/index.php\/wp-json\/wp\/v2\/pages"}],"about":[{"href":"https:\/\/adrianrepun.com.ar\/index.php\/wp-json\/wp\/v2\/types\/page"}],"author":[{"embeddable":true,"href":"https:\/\/adrianrepun.com.ar\/index.php\/wp-json\/wp\/v2\/users\/1"}],"replies":[{"embeddable":true,"href":"https:\/\/adrianrepun.com.ar\/index.php\/wp-json\/wp\/v2\/comments?post=545"}],"version-history":[{"count":7,"href":"https:\/\/adrianrepun.com.ar\/index.php\/wp-json\/wp\/v2\/pages\/545\/revisions"}],"predecessor-version":[{"id":552,"href":"https:\/\/adrianrepun.com.ar\/index.php\/wp-json\/wp\/v2\/pages\/545\/revisions\/552"}],"up":[{"embeddable":true,"href":"https:\/\/adrianrepun.com.ar\/index.php\/wp-json\/wp\/v2\/pages\/222"}],"wp:attachment":[{"href":"https:\/\/adrianrepun.com.ar\/index.php\/wp-json\/wp\/v2\/media?parent=545"}],"curies":[{"name":"wp","href":"https:\/\/api.w.org\/{rel}","templated":true}]}}