{"id":141,"date":"2021-06-07T21:04:03","date_gmt":"2021-06-07T18:04:03","guid":{"rendered":"http:\/\/adrianrepun.com.ar\/?page_id=141"},"modified":"2021-06-08T00:32:42","modified_gmt":"2021-06-07T21:32:42","slug":"represion-2","status":"publish","type":"page","link":"https:\/\/adrianrepun.com.ar\/index.php\/letras\/represion-2\/","title":{"rendered":"Represi\u00f3n"},"content":{"rendered":"<p><img width=\"130\" height=\"193\" src=\"http:\/\/adrianrepun.com.ar\/wp-content\/uploads\/2021\/06\/represion.jpg\" alt=\"\" loading=\"lazy\"><\/p>\n<h2>REPRESI\u00d3N Y LOCURA ANTE LA POSIBILIDAD DE MUERTE<\/h2>\n<p>Represi\u00f3n y Locura ante la posibilidad de muerte<\/p>\n<p>(2000, Ed. Xul Ediciones)<\/p>\n<p>47 p\u00e1ginas<br \/>\nFormato : 11 cm x 17 cm<\/p>\n<p>Tapas blandas<\/p>\n","protected":false},"excerpt":{"rendered":"<p>REPRESI\u00d3N Y LOCURA ANTE LA POSIBILIDAD DE MUERTE Represi\u00f3n y Locura ante la posibilidad de muerte (2000, Ed. Xul Ediciones) 47 p\u00e1ginas Formato : 11 cm x 17 cm Tapas blandas<\/p>\n","protected":false},"author":1,"featured_media":0,"parent":129,"menu_order":1,"comment_status":"closed","ping_status":"closed","template":"elementor_header_footer","meta":[],"_links":{"self":[{"href":"https:\/\/adrianrepun.com.ar\/index.php\/wp-json\/wp\/v2\/pages\/141"}],"collection":[{"href":"https:\/\/adrianrepun.com.ar\/index.php\/wp-json\/wp\/v2\/pages"}],"about":[{"href":"https:\/\/adrianrepun.com.ar\/index.php\/wp-json\/wp\/v2\/types\/page"}],"author":[{"embeddable":true,"href":"https:\/\/adrianrepun.com.ar\/index.php\/wp-json\/wp\/v2\/users\/1"}],"replies":[{"embeddable":true,"href":"https:\/\/adrianrepun.com.ar\/index.php\/wp-json\/wp\/v2\/comments?post=141"}],"version-history":[{"count":26,"href":"https:\/\/adrianrepun.com.ar\/index.php\/wp-json\/wp\/v2\/pages\/141\/revisions"}],"predecessor-version":[{"id":573,"href":"https:\/\/adrianrepun.com.ar\/index.php\/wp-json\/wp\/v2\/pages\/141\/revisions\/573"}],"up":[{"embeddable":true,"href":"https:\/\/adrianrepun.com.ar\/index.php\/wp-json\/wp\/v2\/pages\/129"}],"wp:attachment":[{"href":"https:\/\/adrianrepun.com.ar\/index.php\/wp-json\/wp\/v2\/media?parent=141"}],"curies":[{"name":"wp","href":"https:\/\/api.w.org\/{rel}","templated":true}]}}