{"id":103,"date":"2021-06-07T20:32:19","date_gmt":"2021-06-07T17:32:19","guid":{"rendered":"http:\/\/adrianrepun.com.ar\/?page_id=103"},"modified":"2021-06-07T20:52:04","modified_gmt":"2021-06-07T17:52:04","slug":"critica","status":"publish","type":"page","link":"https:\/\/adrianrepun.com.ar\/index.php\/critica\/","title":{"rendered":"Cr\u00edtica"},"content":{"rendered":"\t\t<div data-elementor-type=\"wp-page\" data-elementor-id=\"103\" class=\"elementor elementor-103\">\n\t\t\t\t\t\t\t\t\t<section class=\"elementor-section elementor-top-section elementor-element elementor-element-233b1865 elementor-section-full_width elementor-section-height-min-height elementor-section-items-stretch elementor-section-content-middle elementor-section-height-default\" data-id=\"233b1865\" data-element_type=\"section\">\n\t\t\t\t\t\t<div class=\"elementor-container elementor-column-gap-no\">\n\t\t\t\t\t<div class=\"elementor-column elementor-col-50 elementor-top-column elementor-element elementor-element-36fd1779\" data-id=\"36fd1779\" data-element_type=\"column\" data-settings=\"{&quot;background_background&quot;:&quot;classic&quot;}\">\n\t\t\t<div class=\"elementor-widget-wrap elementor-element-populated\">\n\t\t\t\t\t\t\t\t<div class=\"elementor-element elementor-element-4980af4a elementor-widget elementor-widget-spacer\" data-id=\"4980af4a\" data-element_type=\"widget\" data-widget_type=\"spacer.default\">\n\t\t\t\t<div class=\"elementor-widget-container\">\n\t\t\t\t\t<div class=\"elementor-spacer\">\n\t\t\t<div class=\"elementor-spacer-inner\"><\/div>\n\t\t<\/div>\n\t\t\t\t<\/div>\n\t\t\t\t<\/div>\n\t\t\t\t\t<\/div>\n\t\t<\/div>\n\t\t\t\t<div class=\"elementor-column elementor-col-50 elementor-top-column elementor-element elementor-element-7d9ae689\" data-id=\"7d9ae689\" data-element_type=\"column\" data-settings=\"{&quot;background_background&quot;:&quot;classic&quot;}\">\n\t\t\t<div class=\"elementor-widget-wrap elementor-element-populated\">\n\t\t\t\t\t\t\t\t<div class=\"elementor-element elementor-element-fbbd143 elementor-widget elementor-widget-heading\" data-id=\"fbbd143\" data-element_type=\"widget\" data-widget_type=\"heading.default\">\n\t\t\t\t<div class=\"elementor-widget-container\">\n\t\t\t<h2 class=\"elementor-heading-title elementor-size-default\">CURIOSO<\/h2>\t\t<\/div>\n\t\t\t\t<\/div>\n\t\t\t\t<div class=\"elementor-element elementor-element-74bce5c elementor-widget elementor-widget-heading\" data-id=\"74bce5c\" data-element_type=\"widget\" data-widget_type=\"heading.default\">\n\t\t\t\t<div class=\"elementor-widget-container\">\n\t\t\t<h2 class=\"elementor-heading-title elementor-size-default\">DESAFIANTE<\/h2>\t\t<\/div>\n\t\t\t\t<\/div>\n\t\t\t\t<div class=\"elementor-element elementor-element-8f1cf63 elementor-widget elementor-widget-heading\" data-id=\"8f1cf63\" data-element_type=\"widget\" data-widget_type=\"heading.default\">\n\t\t\t\t<div class=\"elementor-widget-container\">\n\t\t\t<h2 class=\"elementor-heading-title elementor-size-default\">HIPERSENSIBLE<\/h2>\t\t<\/div>\n\t\t\t\t<\/div>\n\t\t\t\t<div class=\"elementor-element elementor-element-2adb747d elementor-cta--valign-top elementor-cta--skin-classic elementor-animated-content elementor-bg-transform elementor-bg-transform-zoom-in elementor-widget elementor-widget-call-to-action\" data-id=\"2adb747d\" data-element_type=\"widget\" data-widget_type=\"call-to-action.default\">\n\t\t\t\t<div class=\"elementor-widget-container\">\n\t\t\t\t\t<div  class=\"elementor-cta\">\n\t\t\t\t\t\t\t<div class=\"elementor-cta__content\">\n\t\t\t\t\n\t\t\t\t\t\t\t\t\t<span class=\"elementor-cta__title elementor-cta__content-item elementor-content-item\">\n\t\t\t\t\t\tJorge. S. Perednik\t\t\t\t\t<\/span>\n\t\t\t\t\n\t\t\t\t\t\t\t\t\t<div class=\"elementor-cta__description elementor-cta__content-item elementor-content-item\">\n\t\t\t\t\t\t\" los personajes de Adri\u00e1n Rep\u00fan no quieren despertar es como si no quisieran que amanezca \" \t\t\t\t\t<\/div>\n\t\t\t\t\n\t\t\t\t\t\t\t<\/div>\n\t\t\t\t\t\t<\/div>\n\t\t\t\t<\/div>\n\t\t\t\t<\/div>\n\t\t\t\t\t<\/div>\n\t\t<\/div>\n\t\t\t\t\t\t\t<\/div>\n\t\t<\/section>\n\t\t\t\t<section class=\"elementor-section elementor-top-section elementor-element elementor-element-105fe980 elementor-section-full_width elementor-section-height-default elementor-section-height-default\" data-id=\"105fe980\" data-element_type=\"section\">\n\t\t\t\t\t\t<div class=\"elementor-container elementor-column-gap-no\">\n\t\t\t\t\t<div class=\"elementor-column elementor-col-100 elementor-top-column elementor-element elementor-element-3952729a\" data-id=\"3952729a\" data-element_type=\"column\">\n\t\t\t<div class=\"elementor-widget-wrap elementor-element-populated\">\n\t\t\t\t\t\t\t\t<section class=\"elementor-section elementor-inner-section elementor-element elementor-element-9fa66e5 elementor-section-boxed elementor-section-height-default elementor-section-height-default\" data-id=\"9fa66e5\" data-element_type=\"section\">\n\t\t\t\t\t\t<div class=\"elementor-container elementor-column-gap-no\">\n\t\t\t\t\t<div class=\"elementor-column elementor-col-33 elementor-inner-column elementor-element elementor-element-7d959bc\" data-id=\"7d959bc\" data-element_type=\"column\">\n\t\t\t<div class=\"elementor-widget-wrap elementor-element-populated\">\n\t\t\t\t\t\t\t\t<div class=\"elementor-element elementor-element-0250fa6 elementor-cta--valign-top elementor-cta--skin-classic elementor-animated-content elementor-bg-transform elementor-bg-transform-zoom-in elementor-widget elementor-widget-call-to-action\" data-id=\"0250fa6\" data-element_type=\"widget\" data-widget_type=\"call-to-action.default\">\n\t\t\t\t<div class=\"elementor-widget-container\">\n\t\t\t\t\t<div  class=\"elementor-cta\">\n\t\t\t\t\t\t\t<div class=\"elementor-cta__content\">\n\t\t\t\t\n\t\t\t\t\t\t\t\t\t<span class=\"elementor-cta__title elementor-cta__content-item elementor-content-item\">\n\t\t\t\t\t\tLic. Mar\u00eda Laura Garc\u00eda Buenos Aires\t\t\t\t\t<\/span>\n\t\t\t\t\n\t\t\t\t\t\t\t\t\t<div class=\"elementor-cta__description elementor-cta__content-item elementor-content-item\">\n\t\t\t\t\t\tAdri\u00e1n Repun. Entre el tormento y la fragilidad\t\t\t\t\t<\/div>\n\t\t\t\t\n\t\t\t\t\t\t\t<\/div>\n\t\t\t\t\t\t<\/div>\n\t\t\t\t<\/div>\n\t\t\t\t<\/div>\n\t\t\t\t<div class=\"elementor-element elementor-element-73abe684 elementor-widget elementor-widget-text-editor\" data-id=\"73abe684\" data-element_type=\"widget\" data-widget_type=\"text-editor.default\">\n\t\t\t\t<div class=\"elementor-widget-container\">\n\t\t\t\t\t\t\t<p>Las obras de Adri\u00e1n Repun son obras sensitivas, obras que perfectamente se expresan a trav\u00e9s de s\u00ed mismas, obras que desde su fuero interno nos trasmiten lo que el artista no s\u00f3lo pretende y logra pintar, sino tambi\u00e9n aquello que en el fondo experimenta. Vemos una serie de elementos que se repiten de manera constante, que hacen clara referencia a lo sensual \u2014incluso a aspectos sexuales\u2014, que hacen hincapi\u00e9 en un tipo de iconograf\u00eda dif\u00edcil de desligar de aquello que el artista realiza al acudir a una determinada configuraci\u00f3n de seres y formas.<br \/>Adri\u00e1n Repun consigue demostrar que lo que importa es el contenido y c\u00f3mo, finalmente, qued\u00f3 \u00e9ste plasmado. Tal vez por ello, resulta normal ver en su obra grandes superficies de color, grandes manchas amorfas, trazos marcados de fuertes tonalidades, siendo su fuerza expresiva m\u00e1s incisiva cuanto mayor lo<br \/>sea la tonalidad elegida, aunque se puede afirmar que casi siempre la encuentra en los colores primarios y en el espacio pict\u00f3rico ofrecido por el soporte utilizado.<br \/>En sus pinturas, la fuerza no s\u00f3lo viene dada por el cromatismo, sino tambi\u00e9n por las deformes figuras que, como monstruosidades, expresan unos sentimientos y unas condiciones espec\u00edficas. Los personajes, ubicados en el plano representado por el cuadro, encarnan a un individuo hipersensible, intimidado por su contexto, generalmente solitario, que grita su horror o su soledad en un mundo de luchas y agresiones,<br \/>personajes que huyen o emergen del plano mencionado para introducirse en ese extra\u00f1o y marginal universo que el artista nos ofrece. Se trata de un intento de plasmar la imagen de las personas y del mundo en que vivimos, pero a trav\u00e9s de un lenguaje personal: un lenguaje, por momentos, ca\u00f3tico, aunque siempre ce\u00f1ido a una estricta disciplina compositiva.<br \/>En sus cuadros, Repun se entrega por completo a la representaci\u00f3n de formas org\u00e1nicas, las investiga, las puebla de mensajes intangibles, plasmando un simbolismo de cualidades expresionistas, por medio del cual busca revelar ese universo marginal que realmente le interesa. La sexualidad, la prostituci\u00f3n, lo abyecto son algunos de los t\u00f3picos que establecen el escenario pl\u00e1stico de Adri\u00e1n Repun, un artista curioso, desafiante y con una gran sensibilidad est\u00e9tica.<br \/><br \/><\/p>\t\t\t\t\t\t<\/div>\n\t\t\t\t<\/div>\n\t\t\t\t\t<\/div>\n\t\t<\/div>\n\t\t\t\t<div class=\"elementor-column elementor-col-33 elementor-inner-column elementor-element elementor-element-7c33c4c7\" data-id=\"7c33c4c7\" data-element_type=\"column\">\n\t\t\t<div class=\"elementor-widget-wrap elementor-element-populated\">\n\t\t\t\t\t\t\t\t<div class=\"elementor-element elementor-element-6cbaa1a5 elementor-cta--valign-top elementor-cta--skin-classic elementor-animated-content elementor-bg-transform elementor-bg-transform-zoom-in elementor-widget elementor-widget-call-to-action\" data-id=\"6cbaa1a5\" data-element_type=\"widget\" data-widget_type=\"call-to-action.default\">\n\t\t\t\t<div class=\"elementor-widget-container\">\n\t\t\t\t\t<div  class=\"elementor-cta\">\n\t\t\t\t\t\t\t<div class=\"elementor-cta__content\">\n\t\t\t\t\n\t\t\t\t\t\t\t\t\t<span class=\"elementor-cta__title elementor-cta__content-item elementor-content-item\">\n\t\t\t\t\t\tJorge Santiago Perednik\t\t\t\t\t<\/span>\n\t\t\t\t\n\t\t\t\t\t\t\t\t\t<div class=\"elementor-cta__description elementor-cta__content-item elementor-content-item\">\n\t\t\t\t\t\tEl lapsus calami de \u201cLos actos fallidos\u201d\t\t\t\t\t<\/div>\n\t\t\t\t\n\t\t\t\t\t\t\t<\/div>\n\t\t\t\t\t\t<\/div>\n\t\t\t\t<\/div>\n\t\t\t\t<\/div>\n\t\t\t\t<div class=\"elementor-element elementor-element-5a865f82 elementor-widget elementor-widget-text-editor\" data-id=\"5a865f82\" data-element_type=\"widget\" data-widget_type=\"text-editor.default\">\n\t\t\t\t<div class=\"elementor-widget-container\">\n\t\t\t\t\t\t\t<p>La m\u00e1s importante explicaci\u00f3n sobre el acto fallido en Occidente es debida a un m\u00e9dico austr\u00edaco, Sigmund Freud, que la integr\u00f3 en una teor\u00eda conocida como psicoan\u00e1lisis, seg\u00fan la cual habr\u00eda una instancia llamada inconsciente que pugna por manifestarse, y cuando enfrenta una represi\u00f3n de lo conciente busca eludirla, entre otros caminos mediante el acto fallido. Un olvido, un lapsus, a veces un chiste son ejemplos de este fen\u00f3meno que da lugar a posibles interpretaciones de qu\u00e9 es lo que lo inconsciente intenta manifestar, o visto desde el otro lado, qu\u00e9 es lo que la conciencia intenta reprimir.<br \/>Otra posibilidad ser\u00eda considerar que a estas manifestaciones fallidas no hay que darles mayor significado, que en todo caso son manifestaciones de la condici\u00f3n fallida del ser humano, expresiones de su estatuto imperfecto, cuya interpretaci\u00f3n no trae m\u00e1s consecuencias que el lucimiento del int\u00e9rprete.<br \/>Pero la necesidad de darle sentido a todo, de adjudicar alguna significaci\u00f3n a cada acontecimiento, sobre todo si se quiere entablar alguna relaci\u00f3n con \u00e9l, tambi\u00e9n es parte de la condici\u00f3n humana. Y el psicoan\u00e1lisis se suma a esta vasta empresa de darle sentido todo: al mundo y a cada uno de sus mecanismos y acontecimientos.<br \/>Adri\u00e1n Repun retoma en este libro de poemas la hip\u00f3tesis del acto fallido para invertirla y hacer de ella un acto logrado. Si se quiere ambos a la vez: acto fallido porque opera con los mismos recursos de lenguaje que el acto fallido usa para manifestarse; acto logrado porque esos recursos son usados por la voluntad, de un modo conciente, con el objetivo que buscan todos los poetas al escribir: lograr un acto de poes\u00eda. Al usar estos procedimientos \u201cLos actos fallidos\u201d resulta ser una suerte de inconsciente respecto de alg\u00fan conciente, en su caso el inconsciente de un uso desviado del lenguaje que insiste en aflorar burlando las represiones respecto de su uso comunicativo-prosaico, que es el que disponen las<br \/>academias y el uso instituido, y suele ser un conciente represor.<br \/>El recurso favorito en esta po\u00e9tica es el mismo del acto fallido, la sustituci\u00f3n basada en la asociaci\u00f3n con lo pr\u00f3ximo: mediante un reemplazo de letras, o sonidos, o palabras en frases usuales se busca operar un cambio de sentido. Un camino que iniciara Adri\u00e1n Repun ya en su primer libro de poemas, publicado en el a\u00f1o 2000: \u201cRepresi\u00f3n y locura ante la posibilidad de muerte\u201d. Con \u201cLos actos fallidos\u201d el autor, nacido en 1974, confirma su temprana elecci\u00f3n po\u00e9tica, y se inscribe as\u00ed dentro de la poes\u00eda como uno de los m\u00e1s destacados y originales constructores dentro de su generaci\u00f3n. Tambi\u00e9n uno de los m\u00e1s dif\u00edciles pese a toda apariencia en contrario: su libro requiere ser le\u00eddo con una especial disposici\u00f3n de \u00e1nimo, dispuesta a la aventura; si no se la tiene puede suscitar resistencias y represiones, porque el lector en la lectura, lector formado por el lenguaje cuyo inconsciente puede ser la poes\u00eda, opera en principio como un conciente que tiene que luchar consigo mismo. Si puede insistir ante cada dificultad, si logra eludirlas, esto es si logra eludirse, obtiene su disfrute, porque el disfrute en la lectura, que es una actividad am\u00e9n de un resultado, opera como un inconsciente.<\/p>\t\t\t\t\t\t<\/div>\n\t\t\t\t<\/div>\n\t\t\t\t\t<\/div>\n\t\t<\/div>\n\t\t\t\t<div class=\"elementor-column elementor-col-33 elementor-inner-column elementor-element elementor-element-6dcd5999\" data-id=\"6dcd5999\" data-element_type=\"column\">\n\t\t\t<div class=\"elementor-widget-wrap elementor-element-populated\">\n\t\t\t\t\t\t\t\t<div class=\"elementor-element elementor-element-13a31972 elementor-cta--valign-top elementor-cta--skin-classic elementor-animated-content elementor-bg-transform elementor-bg-transform-zoom-in elementor-widget elementor-widget-call-to-action\" data-id=\"13a31972\" data-element_type=\"widget\" data-widget_type=\"call-to-action.default\">\n\t\t\t\t<div class=\"elementor-widget-container\">\n\t\t\t\t\t<div  class=\"elementor-cta\">\n\t\t\t\t\t\t\t<div class=\"elementor-cta__content\">\n\t\t\t\t\n\t\t\t\t\t\t\t\t\t<span class=\"elementor-cta__title elementor-cta__content-item elementor-content-item\">\n\t\t\t\t\t\tEduardo Iglesias Brickles\t\t\t\t\t<\/span>\n\t\t\t\t\n\t\t\t\t\t\t\t\t\t<div class=\"elementor-cta__description elementor-cta__content-item elementor-content-item\">\n\t\t\t\t\t\tAdvertencia preliminar\t\t\t\t\t<\/div>\n\t\t\t\t\n\t\t\t\t\t\t\t<\/div>\n\t\t\t\t\t\t<\/div>\n\t\t\t\t<\/div>\n\t\t\t\t<\/div>\n\t\t\t\t<div class=\"elementor-element elementor-element-f736edf elementor-widget elementor-widget-text-editor\" data-id=\"f736edf\" data-element_type=\"widget\" data-widget_type=\"text-editor.default\">\n\t\t\t\t<div class=\"elementor-widget-container\">\n\t\t\t\t\t\t\t<p>Mi mente, educada en las teor\u00edas conspirativas de la guerra fr\u00eda, no puede dejar pasar el hecho que el cuaderno que usted abre en este momento solo es una pantalla.<br \/>Detr\u00e1s de estas p\u00e1ginas se agazapa otra cosa, que poco tiene que ver con el inocente prop\u00f3sito de un artista joven de mostrar al p\u00fablico algunos de sus pasatiempos.<br \/>Aqu\u00ed el lector podr\u00e1 ver dibujos, textos inconexos, anotaciones al borde de la p\u00e1gina, mezcladas con noticias period\u00edsticas, panfletos, consejos para sobrevivir y confesiones \u00edntimas. Todo eso, y m\u00e1s, sin un orden manifiesto y sin soluci\u00f3n de continuidad, es el contenido aparentemente inocuo de este manual.<br \/>Pero \u00a1cuidado! Eso podr\u00eda ser solo la superficie de algo m\u00e1s profundo. La esencia individualista del neoliberalismo ha calado hondo en los j\u00f3venes del tercer milenio y los impulsa a exponer a la luz del sol todas sus peque\u00f1as glorias y miserias. De esta manera, arrastran consigo los valores que la civilizaci\u00f3n occidental ha construido, no sin sangre, no sin dolor y l\u00e1grimas, a trav\u00e9s de las centurias.<br \/>Por eso, a los que se adentren en este libelo les recomiendo prudencia y les advierto que a cada vuelta de p\u00e1gina encontrar\u00e1n bidones de modernidad l\u00edquida y insolvente. De tal manera que el solo hecho de quedar expuestos a semejante obra, podr\u00eda arrastrarlos en una vor\u00e1gine contempor\u00e1nea de imprevisibles consecuencias.<br \/>A los que a\u00fan conserven cierta capacidad de maniobra intelectual, les sugiero que no pasen de aqu\u00ed, que cierren el libro, y prosigan con sus rutinas infelices.<br \/><br \/><br \/><\/p>\t\t\t\t\t\t<\/div>\n\t\t\t\t<\/div>\n\t\t\t\t\t<\/div>\n\t\t<\/div>\n\t\t\t\t\t\t\t<\/div>\n\t\t<\/section>\n\t\t\t\t\t<\/div>\n\t\t<\/div>\n\t\t\t\t\t\t\t<\/div>\n\t\t<\/section>\n\t\t\t\t\t\t\t<\/div>\n\t\t","protected":false},"excerpt":{"rendered":"<p>CURIOSO DESAFIANTE HIPERSENSIBLE Jorge. S. Perednik &#8221; los personajes de Adri\u00e1n Rep\u00fan no quieren despertar es como si no quisieran que amanezca &#8220; Lic. Mar\u00eda Laura Garc\u00eda Buenos Aires Adri\u00e1n Repun. Entre el tormento y la fragilidad Las obras de Adri\u00e1n Repun son obras sensitivas, obras que perfectamente se expresan a trav\u00e9s de s\u00ed mismas, &hellip; <\/p>\n<p class=\"link-more\"><a href=\"https:\/\/adrianrepun.com.ar\/index.php\/critica\/\" class=\"more-link\">Continuar leyendo<span class=\"screen-reader-text\"> &#8220;Cr\u00edtica&#8221;<\/span><\/a><\/p>\n","protected":false},"author":1,"featured_media":0,"parent":0,"menu_order":6,"comment_status":"closed","ping_status":"closed","template":"elementor_header_footer","meta":[],"_links":{"self":[{"href":"https:\/\/adrianrepun.com.ar\/index.php\/wp-json\/wp\/v2\/pages\/103"}],"collection":[{"href":"https:\/\/adrianrepun.com.ar\/index.php\/wp-json\/wp\/v2\/pages"}],"about":[{"href":"https:\/\/adrianrepun.com.ar\/index.php\/wp-json\/wp\/v2\/types\/page"}],"author":[{"embeddable":true,"href":"https:\/\/adrianrepun.com.ar\/index.php\/wp-json\/wp\/v2\/users\/1"}],"replies":[{"embeddable":true,"href":"https:\/\/adrianrepun.com.ar\/index.php\/wp-json\/wp\/v2\/comments?post=103"}],"version-history":[{"count":16,"href":"https:\/\/adrianrepun.com.ar\/index.php\/wp-json\/wp\/v2\/pages\/103\/revisions"}],"predecessor-version":[{"id":128,"href":"https:\/\/adrianrepun.com.ar\/index.php\/wp-json\/wp\/v2\/pages\/103\/revisions\/128"}],"wp:attachment":[{"href":"https:\/\/adrianrepun.com.ar\/index.php\/wp-json\/wp\/v2\/media?parent=103"}],"curies":[{"name":"wp","href":"https:\/\/api.w.org\/{rel}","templated":true}]}}